{"id":943,"date":"2024-07-10T14:37:18","date_gmt":"2024-07-10T12:37:18","guid":{"rendered":"https:\/\/icebar-cologne.de\/?page_id=943"},"modified":"2025-07-02T20:45:13","modified_gmt":"2025-07-02T18:45:13","slug":"eventlocation","status":"publish","type":"page","link":"https:\/\/icebar-cologne.de\/en\/eventlocation\/","title":{"rendered":"Eventlocation buchen"},"content":{"rendered":"<div id=\"piotnetforms\" class=\"piotnetforms piotnetforms-1210\" data-piotnetforms-shortcode-id=\"1210\"><form id=\"1210\" class=\"piotnetforms__form\" onsubmit=\"return false\"><h2 class=\"p76469750\">Conditional Logic for Fields<\/h2><div class=\"p50785211\">Show Email field when Name field not empty<\/div>\t\t\n\t\t<div class=\"p79158386 piotnetforms-fields-wrapper piotnetforms-labels-above\">\n\t\t\t<div class=\"piotnetforms-field-type-text piotnetforms-field-group piotnetforms-column  piotnetforms-field-group-name piotnetforms-col-100\">\n\t\t\t\t<label for=\"form-field-name\" class=\"piotnetforms-field-label\">Name<\/label><div data-piotnetforms-required><\/div><div class=\"piotnetforms-field-container\"><input size=\"1\" class=\"piotnetforms-field piotnetforms-size-\" type=\"text\" name=\"form_fields[name]\" id=\"form-field-name\" autocomplete=\"on\" data-piotnetforms-default-value=\"\" data-piotnetforms-id=\"1210\"><\/div>\t\t\t<\/div>\n\t\t<\/div>\n\t\t\t\n\t\t<div class=\"p21702151 piotnetforms-fields-wrapper piotnetforms-labels-above\" style=\"display:none;\">\n\t\t\t<div class=\"piotnetforms-field-type-text piotnetforms-field-group piotnetforms-column  piotnetforms-field-group-email piotnetforms-col-100\" data-piotnetforms-conditional-logic=\"[{&quot;piotnetforms_conditional_logic_form_action&quot;:[&quot;show&quot;],&quot;piotnetforms_conditional_logic_form_comparison_operators&quot;:&quot;not-empty&quot;,&quot;piotnetforms_conditional_logic_form_type&quot;:&quot;string&quot;,&quot;piotnetforms_conditional_logic_form_and_or_operators&quot;:&quot;or&quot;,&quot;repeater_item_title&quot;:&quot;{{{ piotnetforms_conditional_logic_form_if }}} {{{ piotnetforms_conditional_logic_form_comparison_operators }}} {{{ piotnetforms_conditional_logic_form_value }}}&quot;,&quot;repeater_id&quot;:&quot;p22102102&quot;,&quot;piotnetforms_conditional_logic_form_if&quot;:&quot;name&quot;}]\" data-piotnetforms-conditional-logic-speed=\"400\" data-piotnetforms-conditional-logic-easing=\"swing\">\n\t\t\t\t<label for=\"form-field-email\" class=\"piotnetforms-field-label\">Email<\/label><div data-piotnetforms-required><\/div><div class=\"piotnetforms-field-container\"><input size=\"1\" class=\"piotnetforms-field piotnetforms-size-\" type=\"text\" name=\"form_fields[email]\" id=\"form-field-email\" autocomplete=\"on\" data-piotnetforms-default-value=\"\" data-piotnetforms-id=\"1210\"><\/div>\t\t\t<\/div>\n\t\t<\/div>\n\t<h2 class=\"p1212070\">Conditional Logic for Section or Widgets<\/h2><div class=\"p30551258\">Go to Advanced Tab of Section or Widgets > Conditional Logic to set Conditional Logic. You can use this feature to set Conditional Logic for Form Step Section.<\/div>\t\t\n\t\t<div class=\"p90167178 piotnetforms-fields-wrapper piotnetforms-labels-above\">\n\t\t\t<div class=\"piotnetforms-field-type-select piotnetforms-field-group piotnetforms-column  piotnetforms-field-group-show_section piotnetforms-col-100\">\n\t\t\t\t<label for=\"form-field-show_section\" class=\"piotnetforms-field-label\">Show Section<\/label><div data-piotnetforms-required><\/div><div class=\"piotnetforms-field-container\">\t\t<div class=\"piotnetforms-field piotnetforms-select-wrapper piotnetforms-select-drop-down\">\n\t\t\t<select name=\"form_fields[show_section]\" id=\"form-field-show_section\" class=\"piotnetforms-field-textual piotnetforms-size-\" data-piotnetforms-type=\"select\" data-piotnetforms-id=\"1210\" data-piotnetforms-default-value=\"\" data-options='[\"Section 1\",\"Section 2\"]'>\n\t\t\t\t<option value=\"Section 1\">Section 1<\/option><option value=\"Section 2\">Section 2<\/option>\t\t\t<\/select>\n\t\t<\/div>\n\t\t<\/div>\t\t\t<\/div>\n\t\t<\/div>\n\t<div class=\"piotnet-section p68855711\" data-piotnetforms-conditional-logic=\"[{&quot;piotnetforms_conditional_logic_form_comparison_operators&quot;:&quot;=&quot;,&quot;piotnetforms_conditional_logic_form_type&quot;:&quot;string&quot;,&quot;piotnetforms_conditional_logic_form_value&quot;:&quot;Section 1&quot;,&quot;piotnetforms_conditional_logic_form_and_or_operators&quot;:&quot;or&quot;,&quot;repeater_id&quot;:&quot;p52162526&quot;,&quot;piotnetforms_conditional_logic_form_if&quot;:&quot;[field id=\\&quot;show_section\\&quot;]&quot;}]\" data-piotnetforms-conditional-logic-not-field=\"\" data-piotnetforms-conditional-logic-not-field-form-id=\"1210\" data-piotnetforms-conditional-logic-speed=\"400\" data-piotnetforms-conditional-logic-easing=\"swing\">\t\t\t\t\t\t<div class=\"piotnet-section__container\"\n\t\t>\n\t\t<div class=\"piotnet-column p65306571\">\t\t\t\t\t\t<div class=\"piotnet-column__inner\"\n\t\t\t>\n\t\t<div class=\"p67178637\">Section 1<\/div>\t\t\t<\/div>\n\t\t<\/div>\t\t\t<\/div>\n\t\t<\/div><div class=\"piotnet-section p15985369\" data-piotnetforms-conditional-logic=\"[{&quot;piotnetforms_conditional_logic_form_comparison_operators&quot;:&quot;=&quot;,&quot;piotnetforms_conditional_logic_form_type&quot;:&quot;string&quot;,&quot;piotnetforms_conditional_logic_form_value&quot;:&quot;Section 2&quot;,&quot;piotnetforms_conditional_logic_form_and_or_operators&quot;:&quot;or&quot;,&quot;repeater_id&quot;:&quot;p56256972&quot;,&quot;piotnetforms_conditional_logic_form_if&quot;:&quot;[field id=\\&quot;show_section\\&quot;]&quot;}]\" data-piotnetforms-conditional-logic-not-field=\"\" data-piotnetforms-conditional-logic-not-field-form-id=\"1210\" data-piotnetforms-conditional-logic-speed=\"400\" data-piotnetforms-conditional-logic-easing=\"swing\">\t\t\t\t\t\t<div class=\"piotnet-section__container\"\n\t\t>\n\t\t<div class=\"piotnet-column p1759543\">\t\t\t\t\t\t<div class=\"piotnet-column__inner\"\n\t\t\t>\n\t\t<div class=\"p28865097\">Section 2<\/div>\t\t\t<\/div>\n\t\t<\/div>\t\t\t<\/div>\n\t\t<\/div><link rel=\"stylesheet\" href=\"https:\/\/icebar-cologne.de\/wp-content\/uploads\/piotnetforms\/css\/1210.css?ver=1\" media=\"all\"><\/form><\/div><div data-piotnetforms-ajax-url=\"https:\/\/icebar-cologne.de\/wp-admin\/admin-ajax.php\"><\/div><div data-piotnetforms-plugin-url=\"https:\/\/icebar-cologne.de\/wp-content\/plugins\"><\/div><div data-piotnetforms-tinymce-upload=\"https:\/\/icebar-cologne.de\/wp-content\/plugins\/piotnetforms-pro\/inc\/forms\/tinymce\/tinymce-upload.php\"><\/div><div data-piotnetforms-stripe-key=\"\"><\/div><div class=\"piotnetforms-break-point\" data-piotnetforms-break-point-md=\"1025\" data-piotnetforms-break-point-lg=\"767\"><\/div>\t","protected":false},"excerpt":{"rendered":"<p>Conditional Logic for Fields Show Email field when Name field not empty Name Email Conditional Logic for Section or Widgets Go to Advanced Tab of Section or Widgets > Conditional [&hellip;]<\/p>\n","protected":false},"author":2,"featured_media":2150,"parent":0,"menu_order":0,"comment_status":"closed","ping_status":"closed","template":"","meta":{"footnotes":""},"class_list":["post-943","page","type-page","status-publish","has-post-thumbnail","hentry"],"yoast_head":"<!-- This site is optimized with the Yoast SEO plugin v27.3 - https:\/\/yoast.com\/product\/yoast-seo-wordpress\/ -->\n<title>IceBar Cologne | Die Eventlocation f\u00fcr Ihre Firmenfeier in K\u00f6ln<\/title>\n<meta name=\"description\" content=\"Ihre Firmenfeier in K\u00f6ln in der IceBar Cologne! Eisgek\u00fchlte Eventlocation bei -18\u00b0. Beeindrucken Sie Ihre Mitarbeiter &amp; Kunden. Jetzt buchen!\" \/>\n<meta name=\"robots\" content=\"index, follow, max-snippet:-1, max-image-preview:large, max-video-preview:-1\" \/>\n<link rel=\"canonical\" href=\"https:\/\/icebar-cologne.de\/en\/eventlocation\/\" \/>\n<meta property=\"og:locale\" content=\"en_US\" \/>\n<meta property=\"og:type\" content=\"article\" \/>\n<meta property=\"og:title\" content=\"IceBar Cologne | Die Eventlocation f\u00fcr Ihre Firmenfeier in K\u00f6ln\" \/>\n<meta property=\"og:description\" content=\"Ihre Firmenfeier in K\u00f6ln in der IceBar Cologne! Eisgek\u00fchlte Eventlocation bei -18\u00b0. Beeindrucken Sie Ihre Mitarbeiter &amp; Kunden. Jetzt buchen!\" \/>\n<meta property=\"og:url\" content=\"https:\/\/icebar-cologne.de\/en\/eventlocation\/\" \/>\n<meta property=\"og:site_name\" content=\"IceBar Cologne\" \/>\n<meta property=\"article:publisher\" content=\"https:\/\/www.facebook.com\/icebarcgn?_rdr\" \/>\n<meta property=\"article:modified_time\" content=\"2025-07-02T18:45:13+00:00\" \/>\n<meta property=\"og:image\" content=\"https:\/\/icebar-cologne.de\/wp-content\/uploads\/2024\/09\/24-01_WeconKoeln-IcebarCologne_WEB_BeAStarProductions-006-1.jpg\" \/>\n\t<meta property=\"og:image:width\" content=\"2048\" \/>\n\t<meta property=\"og:image:height\" content=\"1368\" \/>\n\t<meta property=\"og:image:type\" content=\"image\/jpeg\" \/>\n<meta name=\"twitter:card\" content=\"summary_large_image\" \/>\n<meta name=\"twitter:label1\" content=\"Est. reading time\" \/>\n\t<meta name=\"twitter:data1\" content=\"10 minutes\" \/>\n<script type=\"application\/ld+json\" class=\"yoast-schema-graph\">{\"@context\":\"https:\\\/\\\/schema.org\",\"@graph\":[{\"@type\":\"WebPage\",\"@id\":\"https:\\\/\\\/icebar-cologne.de\\\/eventlocation\\\/\",\"url\":\"https:\\\/\\\/icebar-cologne.de\\\/eventlocation\\\/\",\"name\":\"IceBar Cologne | Die Eventlocation f\u00fcr Ihre Firmenfeier in K\u00f6ln\",\"isPartOf\":{\"@id\":\"https:\\\/\\\/icebar-cologne.de\\\/#website\"},\"primaryImageOfPage\":{\"@id\":\"https:\\\/\\\/icebar-cologne.de\\\/eventlocation\\\/#primaryimage\"},\"image\":{\"@id\":\"https:\\\/\\\/icebar-cologne.de\\\/eventlocation\\\/#primaryimage\"},\"thumbnailUrl\":\"https:\\\/\\\/icebar-cologne.de\\\/wp-content\\\/uploads\\\/2024\\\/09\\\/24-01_WeconKoeln-IcebarCologne_WEB_BeAStarProductions-006-1.jpg\",\"datePublished\":\"2024-07-10T12:37:18+00:00\",\"dateModified\":\"2025-07-02T18:45:13+00:00\",\"description\":\"Ihre Firmenfeier in K\u00f6ln in der IceBar Cologne! Eisgek\u00fchlte Eventlocation bei -18\u00b0. Beeindrucken Sie Ihre Mitarbeiter & Kunden. Jetzt buchen!\",\"breadcrumb\":{\"@id\":\"https:\\\/\\\/icebar-cologne.de\\\/eventlocation\\\/#breadcrumb\"},\"inLanguage\":\"en-US\",\"potentialAction\":[{\"@type\":\"ReadAction\",\"target\":[\"https:\\\/\\\/icebar-cologne.de\\\/eventlocation\\\/\"]}]},{\"@type\":\"ImageObject\",\"inLanguage\":\"en-US\",\"@id\":\"https:\\\/\\\/icebar-cologne.de\\\/eventlocation\\\/#primaryimage\",\"url\":\"https:\\\/\\\/icebar-cologne.de\\\/wp-content\\\/uploads\\\/2024\\\/09\\\/24-01_WeconKoeln-IcebarCologne_WEB_BeAStarProductions-006-1.jpg\",\"contentUrl\":\"https:\\\/\\\/icebar-cologne.de\\\/wp-content\\\/uploads\\\/2024\\\/09\\\/24-01_WeconKoeln-IcebarCologne_WEB_BeAStarProductions-006-1.jpg\",\"width\":2048,\"height\":1368,\"caption\":\"IceBar Cologne - der coolste Ort in K\u00f6ln\"},{\"@type\":\"BreadcrumbList\",\"@id\":\"https:\\\/\\\/icebar-cologne.de\\\/eventlocation\\\/#breadcrumb\",\"itemListElement\":[{\"@type\":\"ListItem\",\"position\":1,\"name\":\"Startseite\",\"item\":\"https:\\\/\\\/icebar-cologne.de\\\/\"},{\"@type\":\"ListItem\",\"position\":2,\"name\":\"Eventlocation buchen\"}]},{\"@type\":\"WebSite\",\"@id\":\"https:\\\/\\\/icebar-cologne.de\\\/#website\",\"url\":\"https:\\\/\\\/icebar-cologne.de\\\/\",\"name\":\"IceBar Cologne\",\"description\":\"Der coolste Ort in K\u00f6ln\",\"publisher\":{\"@id\":\"https:\\\/\\\/icebar-cologne.de\\\/#organization\"},\"potentialAction\":[{\"@type\":\"SearchAction\",\"target\":{\"@type\":\"EntryPoint\",\"urlTemplate\":\"https:\\\/\\\/icebar-cologne.de\\\/?s={search_term_string}\"},\"query-input\":{\"@type\":\"PropertyValueSpecification\",\"valueRequired\":true,\"valueName\":\"search_term_string\"}}],\"inLanguage\":\"en-US\"},{\"@type\":\"Organization\",\"@id\":\"https:\\\/\\\/icebar-cologne.de\\\/#organization\",\"name\":\"IceBar Cologne\",\"url\":\"https:\\\/\\\/icebar-cologne.de\\\/\",\"logo\":{\"@type\":\"ImageObject\",\"inLanguage\":\"en-US\",\"@id\":\"https:\\\/\\\/icebar-cologne.de\\\/#\\\/schema\\\/logo\\\/image\\\/\",\"url\":\"https:\\\/\\\/icebar-cologne.de\\\/wp-content\\\/uploads\\\/2024\\\/10\\\/IceBar-Cologne-Logo.png\",\"contentUrl\":\"https:\\\/\\\/icebar-cologne.de\\\/wp-content\\\/uploads\\\/2024\\\/10\\\/IceBar-Cologne-Logo.png\",\"width\":263,\"height\":73,\"caption\":\"IceBar Cologne\"},\"image\":{\"@id\":\"https:\\\/\\\/icebar-cologne.de\\\/#\\\/schema\\\/logo\\\/image\\\/\"},\"sameAs\":[\"https:\\\/\\\/www.facebook.com\\\/icebarcgn?_rdr\",\"https:\\\/\\\/www.instagram.com\\\/icebar_cologne_official\\\/\"]}]}<\/script>\n<!-- \/ Yoast SEO plugin. -->","yoast_head_json":{"title":"IceBar Cologne | Die Eventlocation f\u00fcr Ihre Firmenfeier in K\u00f6ln","description":"Ihre Firmenfeier in K\u00f6ln in der IceBar Cologne! Eisgek\u00fchlte Eventlocation bei -18\u00b0. Beeindrucken Sie Ihre Mitarbeiter & Kunden. Jetzt buchen!","robots":{"index":"index","follow":"follow","max-snippet":"max-snippet:-1","max-image-preview":"max-image-preview:large","max-video-preview":"max-video-preview:-1"},"canonical":"https:\/\/icebar-cologne.de\/en\/eventlocation\/","og_locale":"en_US","og_type":"article","og_title":"IceBar Cologne | Die Eventlocation f\u00fcr Ihre Firmenfeier in K\u00f6ln","og_description":"Ihre Firmenfeier in K\u00f6ln in der IceBar Cologne! Eisgek\u00fchlte Eventlocation bei -18\u00b0. Beeindrucken Sie Ihre Mitarbeiter & Kunden. Jetzt buchen!","og_url":"https:\/\/icebar-cologne.de\/en\/eventlocation\/","og_site_name":"IceBar Cologne","article_publisher":"https:\/\/www.facebook.com\/icebarcgn?_rdr","article_modified_time":"2025-07-02T18:45:13+00:00","og_image":[{"width":2048,"height":1368,"url":"https:\/\/icebar-cologne.de\/wp-content\/uploads\/2024\/09\/24-01_WeconKoeln-IcebarCologne_WEB_BeAStarProductions-006-1.jpg","type":"image\/jpeg"}],"twitter_card":"summary_large_image","twitter_misc":{"Est. reading time":"10 minutes"},"schema":{"@context":"https:\/\/schema.org","@graph":[{"@type":"WebPage","@id":"https:\/\/icebar-cologne.de\/eventlocation\/","url":"https:\/\/icebar-cologne.de\/eventlocation\/","name":"IceBar Cologne | Die Eventlocation f\u00fcr Ihre Firmenfeier in K\u00f6ln","isPartOf":{"@id":"https:\/\/icebar-cologne.de\/#website"},"primaryImageOfPage":{"@id":"https:\/\/icebar-cologne.de\/eventlocation\/#primaryimage"},"image":{"@id":"https:\/\/icebar-cologne.de\/eventlocation\/#primaryimage"},"thumbnailUrl":"https:\/\/icebar-cologne.de\/wp-content\/uploads\/2024\/09\/24-01_WeconKoeln-IcebarCologne_WEB_BeAStarProductions-006-1.jpg","datePublished":"2024-07-10T12:37:18+00:00","dateModified":"2025-07-02T18:45:13+00:00","description":"Ihre Firmenfeier in K\u00f6ln in der IceBar Cologne! Eisgek\u00fchlte Eventlocation bei -18\u00b0. Beeindrucken Sie Ihre Mitarbeiter & Kunden. Jetzt buchen!","breadcrumb":{"@id":"https:\/\/icebar-cologne.de\/eventlocation\/#breadcrumb"},"inLanguage":"en-US","potentialAction":[{"@type":"ReadAction","target":["https:\/\/icebar-cologne.de\/eventlocation\/"]}]},{"@type":"ImageObject","inLanguage":"en-US","@id":"https:\/\/icebar-cologne.de\/eventlocation\/#primaryimage","url":"https:\/\/icebar-cologne.de\/wp-content\/uploads\/2024\/09\/24-01_WeconKoeln-IcebarCologne_WEB_BeAStarProductions-006-1.jpg","contentUrl":"https:\/\/icebar-cologne.de\/wp-content\/uploads\/2024\/09\/24-01_WeconKoeln-IcebarCologne_WEB_BeAStarProductions-006-1.jpg","width":2048,"height":1368,"caption":"IceBar Cologne - der coolste Ort in K\u00f6ln"},{"@type":"BreadcrumbList","@id":"https:\/\/icebar-cologne.de\/eventlocation\/#breadcrumb","itemListElement":[{"@type":"ListItem","position":1,"name":"Startseite","item":"https:\/\/icebar-cologne.de\/"},{"@type":"ListItem","position":2,"name":"Eventlocation buchen"}]},{"@type":"WebSite","@id":"https:\/\/icebar-cologne.de\/#website","url":"https:\/\/icebar-cologne.de\/","name":"IceBar Cologne","description":"Der coolste Ort in K\u00f6ln","publisher":{"@id":"https:\/\/icebar-cologne.de\/#organization"},"potentialAction":[{"@type":"SearchAction","target":{"@type":"EntryPoint","urlTemplate":"https:\/\/icebar-cologne.de\/?s={search_term_string}"},"query-input":{"@type":"PropertyValueSpecification","valueRequired":true,"valueName":"search_term_string"}}],"inLanguage":"en-US"},{"@type":"Organization","@id":"https:\/\/icebar-cologne.de\/#organization","name":"IceBar Cologne","url":"https:\/\/icebar-cologne.de\/","logo":{"@type":"ImageObject","inLanguage":"en-US","@id":"https:\/\/icebar-cologne.de\/#\/schema\/logo\/image\/","url":"https:\/\/icebar-cologne.de\/wp-content\/uploads\/2024\/10\/IceBar-Cologne-Logo.png","contentUrl":"https:\/\/icebar-cologne.de\/wp-content\/uploads\/2024\/10\/IceBar-Cologne-Logo.png","width":263,"height":73,"caption":"IceBar Cologne"},"image":{"@id":"https:\/\/icebar-cologne.de\/#\/schema\/logo\/image\/"},"sameAs":["https:\/\/www.facebook.com\/icebarcgn?_rdr","https:\/\/www.instagram.com\/icebar_cologne_official\/"]}]}},"_links":{"self":[{"href":"https:\/\/icebar-cologne.de\/en\/wp-json\/wp\/v2\/pages\/943","targetHints":{"allow":["GET"]}}],"collection":[{"href":"https:\/\/icebar-cologne.de\/en\/wp-json\/wp\/v2\/pages"}],"about":[{"href":"https:\/\/icebar-cologne.de\/en\/wp-json\/wp\/v2\/types\/page"}],"author":[{"embeddable":true,"href":"https:\/\/icebar-cologne.de\/en\/wp-json\/wp\/v2\/users\/2"}],"replies":[{"embeddable":true,"href":"https:\/\/icebar-cologne.de\/en\/wp-json\/wp\/v2\/comments?post=943"}],"version-history":[{"count":107,"href":"https:\/\/icebar-cologne.de\/en\/wp-json\/wp\/v2\/pages\/943\/revisions"}],"predecessor-version":[{"id":4248,"href":"https:\/\/icebar-cologne.de\/en\/wp-json\/wp\/v2\/pages\/943\/revisions\/4248"}],"wp:featuredmedia":[{"embeddable":true,"href":"https:\/\/icebar-cologne.de\/en\/wp-json\/wp\/v2\/media\/2150"}],"wp:attachment":[{"href":"https:\/\/icebar-cologne.de\/en\/wp-json\/wp\/v2\/media?parent=943"}],"curies":[{"name":"wp","href":"https:\/\/api.w.org\/{rel}","templated":true}]}}