{"id":1967,"date":"2024-09-16T13:30:05","date_gmt":"2024-09-16T11:30:05","guid":{"rendered":"https:\/\/icebar-cologne.de\/?page_id=1967"},"modified":"2025-12-01T09:51:17","modified_gmt":"2025-12-01T08:51:17","slug":"tickets","status":"publish","type":"page","link":"https:\/\/icebar-cologne.de\/en\/tickets\/","title":{"rendered":"Tickets"},"content":{"rendered":"<div data-elementor-type=\"wp-page\" data-elementor-id=\"1967\" class=\"elementor elementor-1967\" data-elementor-post-type=\"page\">\n\t\t\t\t<div class=\"elementor-element elementor-element-a934076 e-flex e-con-boxed e-con e-parent\" data-id=\"a934076\" data-element_type=\"container\" data-e-type=\"container\" data-settings=\"{&quot;background_background&quot;:&quot;classic&quot;}\">\n\t\t\t\t\t<div class=\"e-con-inner\">\n\t\t\t\t<div class=\"elementor-element elementor-element-db3c78d elementor-hidden-mobile elementor-widget elementor-widget-image\" data-id=\"db3c78d\" data-element_type=\"widget\" data-e-type=\"widget\" data-widget_type=\"image.default\">\n\t\t\t\t<div class=\"elementor-widget-container\">\n\t\t\t\t\t\t\t\t\t\t\t\t\t\t\t<img decoding=\"async\" width=\"800\" height=\"61\" src=\"https:\/\/icebar-cologne.de\/wp-content\/uploads\/2025\/07\/Buy-Tickets2.png\" class=\"attachment-large size-large wp-image-2758\" alt=\"Tickets kaufen\" srcset=\"https:\/\/icebar-cologne.de\/wp-content\/uploads\/2025\/07\/Buy-Tickets2.png 1000w, https:\/\/icebar-cologne.de\/wp-content\/uploads\/2025\/07\/Buy-Tickets2-300x31.png 300w, https:\/\/icebar-cologne.de\/wp-content\/uploads\/2025\/07\/Buy-Tickets2-600x62.png 600w, https:\/\/icebar-cologne.de\/wp-content\/uploads\/2025\/07\/Buy-Tickets2-768x79.png 768w, https:\/\/icebar-cologne.de\/wp-content\/uploads\/2025\/07\/Buy-Tickets2-18x2.png 18w\" sizes=\"(max-width: 800px) 100vw, 800px\" \/>\t\t\t\t\t\t\t\t\t\t\t\t\t\t\t<\/div>\n\t\t\t\t<\/div>\n\t\t\t\t<div class=\"elementor-element elementor-element-7982cb1 elementor-hidden-desktop elementor-hidden-tablet elementor-widget elementor-widget-image\" data-id=\"7982cb1\" data-element_type=\"widget\" data-e-type=\"widget\" data-widget_type=\"image.default\">\n\t\t\t\t<div class=\"elementor-widget-container\">\n\t\t\t\t\t\t\t\t\t\t\t\t\t\t\t<img fetchpriority=\"high\" decoding=\"async\" width=\"800\" height=\"250\" src=\"https:\/\/icebar-cologne.de\/wp-content\/uploads\/2024\/09\/Tickets-kaufen-mobil-e1727437725720.png\" class=\"attachment-large size-large wp-image-2761\" alt=\"Tickets kaufen\" srcset=\"https:\/\/icebar-cologne.de\/wp-content\/uploads\/2024\/09\/Tickets-kaufen-mobil-e1727437725720.png 1000w, https:\/\/icebar-cologne.de\/wp-content\/uploads\/2024\/09\/Tickets-kaufen-mobil-e1727437725720-300x94.png 300w, https:\/\/icebar-cologne.de\/wp-content\/uploads\/2024\/09\/Tickets-kaufen-mobil-e1727437725720-600x188.png 600w, https:\/\/icebar-cologne.de\/wp-content\/uploads\/2024\/09\/Tickets-kaufen-mobil-e1727437725720-768x240.png 768w\" sizes=\"(max-width: 800px) 100vw, 800px\" \/>\t\t\t\t\t\t\t\t\t\t\t\t\t\t\t<\/div>\n\t\t\t\t<\/div>\n\t\t\t\t<div class=\"elementor-element elementor-element-11aa123 linkweiss trennung-mobil elementor-widget elementor-widget-text-editor\" data-id=\"11aa123\" data-element_type=\"widget\" data-e-type=\"widget\" data-widget_type=\"text-editor.default\">\n\t\t\t\t<div class=\"elementor-widget-container\">\n\t\t\t\t\t\t\t\t\t<p><strong>Your tickets to our IceBar are handled by the ticket provider EVENTIM.<\/strong><\/p>\t\t\t\t\t\t\t\t<\/div>\n\t\t\t\t<\/div>\n\t\t\t\t<div class=\"elementor-element elementor-element-cd68c28 elementor-widget elementor-widget-button\" data-id=\"cd68c28\" data-element_type=\"widget\" data-e-type=\"widget\" data-widget_type=\"button.default\">\n\t\t\t\t<div class=\"elementor-widget-container\">\n\t\t\t\t\t\t\t\t\t<div class=\"elementor-button-wrapper\">\n\t\t\t\t\t<a class=\"elementor-button elementor-button-link elementor-size-sm elementor-animation-grow\" href=\"https:\/\/www.eventim.de\/artist\/icebar-cologne\/\" target=\"_blank\">\n\t\t\t\t\t\t<span class=\"elementor-button-content-wrapper\">\n\t\t\t\t\t\t\t\t\t<span class=\"elementor-button-text\">Zur Ticketbuchung bei Eventim<\/span>\n\t\t\t\t\t<\/span>\n\t\t\t\t\t<\/a>\n\t\t\t\t<\/div>\n\t\t\t\t\t\t\t\t<\/div>\n\t\t\t\t<\/div>\n\t\t\t\t<div class=\"elementor-element elementor-element-13f54d5 linkweiss trennung-mobil elementor-widget elementor-widget-text-editor\" data-id=\"13f54d5\" data-element_type=\"widget\" data-e-type=\"widget\" data-widget_type=\"text-editor.default\">\n\t\t\t\t<div class=\"elementor-widget-container\">\n\t\t\t\t\t\t\t\t\t<p>If you have any questions about tickets you have already purchased, please contact \u2794 <a href=\"https:\/\/corporate.eventim.de\/en\/meta\/kontakt\/\" target=\"_blank\" rel=\"noopener\"><span style=\"text-decoration: underline;\">EVENTIM customer service.<\/span><\/a>.<\/p><p>You have purchased your tickets from <strong>GetYourGuide<\/strong> or <strong>Tripadvisor<\/strong> then follow this link:<\/p><p><a href=\"https:\/\/www.getyourguide.com\/contact#cancellation_cancel-booking\" target=\"_blank\" rel=\"noopener\">\u2794 GetYourGuide<\/a><br \/><a href=\"https:\/\/www.tripadvisorsupport.com\/en-US\/hc\/traveler\/articles\/460\" target=\"_blank\" rel=\"noopener\">\u2794 Tripadvisor<\/a>\u00a0<\/p>\t\t\t\t\t\t\t\t<\/div>\n\t\t\t\t<\/div>\n\t\t\t\t<div class=\"elementor-element elementor-element-de1733d elementor-widget elementor-widget-text-editor\" data-id=\"de1733d\" data-element_type=\"widget\" data-e-type=\"widget\" data-widget_type=\"text-editor.default\">\n\t\t\t\t<div class=\"elementor-widget-container\">\n\t\t\t\t\t\t\t\t\t<p><strong>Note on tickets on site:\u00a0<\/strong>Yes, there is a box office - but when it's full, it's full. For secure admission, simply book in advance with EVENTIM!<\/p>\t\t\t\t\t\t\t\t<\/div>\n\t\t\t\t<\/div>\n\t\t\t\t<div class=\"elementor-element elementor-element-b7d6a17 elementor-widget elementor-widget-html\" data-id=\"b7d6a17\" data-element_type=\"widget\" data-e-type=\"widget\" data-widget_type=\"html.default\">\n\t\t\t\t<div class=\"elementor-widget-container\">\n\t\t\t\t\t<iframe src=\"https:\/\/www.eventim.de\/artist\/icebar-cologne\/?srsltid=AfmBOooFN3b2XYx_900UojvZF4kkWjksc9oVfG7lwbmqKFKYxmGGWXYB\" width=\"1200px\" height=\"1500px\"name=\"iframe\" id=\"iframe\" scrolling=\"yes\" frameborder=\"0\" >\r\n<\/iframe>\t\t\t\t<\/div>\n\t\t\t\t<\/div>\n\t\t\t\t\t<\/div>\n\t\t\t\t<\/div>\n\t\t\t\t<\/div>","protected":false},"excerpt":{"rendered":"<p>Deine Tickets zu unserer IceBar wickelt der Ticketanbieter EVENTIM ab. Zur Ticketbuchung bei Eventim Bei Fragen zu bereits gekauften Tickets, wende dich gerne an den \u2794 EVENTIM Kundenservice. Du hast [&hellip;]<\/p>\n","protected":false},"author":2,"featured_media":2150,"parent":0,"menu_order":0,"comment_status":"closed","ping_status":"closed","template":"","meta":{"footnotes":""},"class_list":["post-1967","page","type-page","status-publish","has-post-thumbnail","hentry"],"yoast_head":"<!-- This site is optimized with the Yoast SEO plugin v27.3 - https:\/\/yoast.com\/product\/yoast-seo-wordpress\/ -->\n<title>Geschenk K\u00f6ln | \u00dcberrasche mit eisigen Tickets f\u00fcr die IceBar K\u00f6ln<\/title>\n<meta name=\"description\" content=\"Das coolste Geschenk f\u00fcr K\u00f6ln! \u00dcberrasche Freunde, Familie, Kollegen mit Tickets f\u00fcr die IceBar Cologne. Eiskalte Atmosph\u00e4re. Jetzt buchen!\" \/>\n<meta name=\"robots\" content=\"index, follow, max-snippet:-1, max-image-preview:large, max-video-preview:-1\" \/>\n<link rel=\"canonical\" href=\"https:\/\/icebar-cologne.de\/en\/tickets\/\" \/>\n<meta property=\"og:locale\" content=\"en_US\" \/>\n<meta property=\"og:type\" content=\"article\" \/>\n<meta property=\"og:title\" content=\"Geschenk K\u00f6ln | \u00dcberrasche mit eisigen Tickets f\u00fcr die IceBar K\u00f6ln\" \/>\n<meta property=\"og:description\" content=\"Das coolste Geschenk f\u00fcr K\u00f6ln! \u00dcberrasche Freunde, Familie, Kollegen mit Tickets f\u00fcr die IceBar Cologne. Eiskalte Atmosph\u00e4re. Jetzt buchen!\" \/>\n<meta property=\"og:url\" content=\"https:\/\/icebar-cologne.de\/en\/tickets\/\" \/>\n<meta property=\"og:site_name\" content=\"IceBar Cologne\" \/>\n<meta property=\"article:publisher\" content=\"https:\/\/www.facebook.com\/icebarcgn?_rdr\" \/>\n<meta property=\"article:modified_time\" content=\"2025-12-01T08:51:17+00:00\" \/>\n<meta property=\"og:image\" content=\"https:\/\/icebar-cologne.de\/wp-content\/uploads\/2024\/09\/24-01_WeconKoeln-IcebarCologne_WEB_BeAStarProductions-006-1.jpg\" \/>\n\t<meta property=\"og:image:width\" content=\"2048\" \/>\n\t<meta property=\"og:image:height\" content=\"1368\" \/>\n\t<meta property=\"og:image:type\" content=\"image\/jpeg\" \/>\n<meta name=\"twitter:card\" content=\"summary_large_image\" \/>\n<meta name=\"twitter:label1\" content=\"Est. reading time\" \/>\n\t<meta name=\"twitter:data1\" content=\"1 minute\" \/>\n<script type=\"application\/ld+json\" class=\"yoast-schema-graph\">{\"@context\":\"https:\\\/\\\/schema.org\",\"@graph\":[{\"@type\":\"WebPage\",\"@id\":\"https:\\\/\\\/icebar-cologne.de\\\/tickets\\\/\",\"url\":\"https:\\\/\\\/icebar-cologne.de\\\/tickets\\\/\",\"name\":\"Geschenk K\u00f6ln | \u00dcberrasche mit eisigen Tickets f\u00fcr die IceBar K\u00f6ln\",\"isPartOf\":{\"@id\":\"https:\\\/\\\/icebar-cologne.de\\\/#website\"},\"primaryImageOfPage\":{\"@id\":\"https:\\\/\\\/icebar-cologne.de\\\/tickets\\\/#primaryimage\"},\"image\":{\"@id\":\"https:\\\/\\\/icebar-cologne.de\\\/tickets\\\/#primaryimage\"},\"thumbnailUrl\":\"https:\\\/\\\/icebar-cologne.de\\\/wp-content\\\/uploads\\\/2024\\\/09\\\/24-01_WeconKoeln-IcebarCologne_WEB_BeAStarProductions-006-1.jpg\",\"datePublished\":\"2024-09-16T11:30:05+00:00\",\"dateModified\":\"2025-12-01T08:51:17+00:00\",\"description\":\"Das coolste Geschenk f\u00fcr K\u00f6ln! \u00dcberrasche Freunde, Familie, Kollegen mit Tickets f\u00fcr die IceBar Cologne. Eiskalte Atmosph\u00e4re. Jetzt buchen!\",\"breadcrumb\":{\"@id\":\"https:\\\/\\\/icebar-cologne.de\\\/tickets\\\/#breadcrumb\"},\"inLanguage\":\"en-US\",\"potentialAction\":[{\"@type\":\"ReadAction\",\"target\":[\"https:\\\/\\\/icebar-cologne.de\\\/tickets\\\/\"]}]},{\"@type\":\"ImageObject\",\"inLanguage\":\"en-US\",\"@id\":\"https:\\\/\\\/icebar-cologne.de\\\/tickets\\\/#primaryimage\",\"url\":\"https:\\\/\\\/icebar-cologne.de\\\/wp-content\\\/uploads\\\/2024\\\/09\\\/24-01_WeconKoeln-IcebarCologne_WEB_BeAStarProductions-006-1.jpg\",\"contentUrl\":\"https:\\\/\\\/icebar-cologne.de\\\/wp-content\\\/uploads\\\/2024\\\/09\\\/24-01_WeconKoeln-IcebarCologne_WEB_BeAStarProductions-006-1.jpg\",\"width\":2048,\"height\":1368,\"caption\":\"IceBar Cologne - der coolste Ort in K\u00f6ln\"},{\"@type\":\"BreadcrumbList\",\"@id\":\"https:\\\/\\\/icebar-cologne.de\\\/tickets\\\/#breadcrumb\",\"itemListElement\":[{\"@type\":\"ListItem\",\"position\":1,\"name\":\"Startseite\",\"item\":\"https:\\\/\\\/icebar-cologne.de\\\/\"},{\"@type\":\"ListItem\",\"position\":2,\"name\":\"Tickets\"}]},{\"@type\":\"WebSite\",\"@id\":\"https:\\\/\\\/icebar-cologne.de\\\/#website\",\"url\":\"https:\\\/\\\/icebar-cologne.de\\\/\",\"name\":\"IceBar Cologne\",\"description\":\"Der coolste Ort in K\u00f6ln\",\"publisher\":{\"@id\":\"https:\\\/\\\/icebar-cologne.de\\\/#organization\"},\"potentialAction\":[{\"@type\":\"SearchAction\",\"target\":{\"@type\":\"EntryPoint\",\"urlTemplate\":\"https:\\\/\\\/icebar-cologne.de\\\/?s={search_term_string}\"},\"query-input\":{\"@type\":\"PropertyValueSpecification\",\"valueRequired\":true,\"valueName\":\"search_term_string\"}}],\"inLanguage\":\"en-US\"},{\"@type\":\"Organization\",\"@id\":\"https:\\\/\\\/icebar-cologne.de\\\/#organization\",\"name\":\"IceBar Cologne\",\"url\":\"https:\\\/\\\/icebar-cologne.de\\\/\",\"logo\":{\"@type\":\"ImageObject\",\"inLanguage\":\"en-US\",\"@id\":\"https:\\\/\\\/icebar-cologne.de\\\/#\\\/schema\\\/logo\\\/image\\\/\",\"url\":\"https:\\\/\\\/icebar-cologne.de\\\/wp-content\\\/uploads\\\/2024\\\/10\\\/IceBar-Cologne-Logo.png\",\"contentUrl\":\"https:\\\/\\\/icebar-cologne.de\\\/wp-content\\\/uploads\\\/2024\\\/10\\\/IceBar-Cologne-Logo.png\",\"width\":263,\"height\":73,\"caption\":\"IceBar Cologne\"},\"image\":{\"@id\":\"https:\\\/\\\/icebar-cologne.de\\\/#\\\/schema\\\/logo\\\/image\\\/\"},\"sameAs\":[\"https:\\\/\\\/www.facebook.com\\\/icebarcgn?_rdr\",\"https:\\\/\\\/www.instagram.com\\\/icebar_cologne_official\\\/\"]}]}<\/script>\n<!-- \/ Yoast SEO plugin. -->","yoast_head_json":{"title":"Geschenk K\u00f6ln | \u00dcberrasche mit eisigen Tickets f\u00fcr die IceBar K\u00f6ln","description":"Das coolste Geschenk f\u00fcr K\u00f6ln! \u00dcberrasche Freunde, Familie, Kollegen mit Tickets f\u00fcr die IceBar Cologne. Eiskalte Atmosph\u00e4re. Jetzt buchen!","robots":{"index":"index","follow":"follow","max-snippet":"max-snippet:-1","max-image-preview":"max-image-preview:large","max-video-preview":"max-video-preview:-1"},"canonical":"https:\/\/icebar-cologne.de\/en\/tickets\/","og_locale":"en_US","og_type":"article","og_title":"Geschenk K\u00f6ln | \u00dcberrasche mit eisigen Tickets f\u00fcr die IceBar K\u00f6ln","og_description":"Das coolste Geschenk f\u00fcr K\u00f6ln! \u00dcberrasche Freunde, Familie, Kollegen mit Tickets f\u00fcr die IceBar Cologne. Eiskalte Atmosph\u00e4re. Jetzt buchen!","og_url":"https:\/\/icebar-cologne.de\/en\/tickets\/","og_site_name":"IceBar Cologne","article_publisher":"https:\/\/www.facebook.com\/icebarcgn?_rdr","article_modified_time":"2025-12-01T08:51:17+00:00","og_image":[{"width":2048,"height":1368,"url":"https:\/\/icebar-cologne.de\/wp-content\/uploads\/2024\/09\/24-01_WeconKoeln-IcebarCologne_WEB_BeAStarProductions-006-1.jpg","type":"image\/jpeg"}],"twitter_card":"summary_large_image","twitter_misc":{"Est. reading time":"1 minute"},"schema":{"@context":"https:\/\/schema.org","@graph":[{"@type":"WebPage","@id":"https:\/\/icebar-cologne.de\/tickets\/","url":"https:\/\/icebar-cologne.de\/tickets\/","name":"Geschenk K\u00f6ln | \u00dcberrasche mit eisigen Tickets f\u00fcr die IceBar K\u00f6ln","isPartOf":{"@id":"https:\/\/icebar-cologne.de\/#website"},"primaryImageOfPage":{"@id":"https:\/\/icebar-cologne.de\/tickets\/#primaryimage"},"image":{"@id":"https:\/\/icebar-cologne.de\/tickets\/#primaryimage"},"thumbnailUrl":"https:\/\/icebar-cologne.de\/wp-content\/uploads\/2024\/09\/24-01_WeconKoeln-IcebarCologne_WEB_BeAStarProductions-006-1.jpg","datePublished":"2024-09-16T11:30:05+00:00","dateModified":"2025-12-01T08:51:17+00:00","description":"Das coolste Geschenk f\u00fcr K\u00f6ln! \u00dcberrasche Freunde, Familie, Kollegen mit Tickets f\u00fcr die IceBar Cologne. Eiskalte Atmosph\u00e4re. Jetzt buchen!","breadcrumb":{"@id":"https:\/\/icebar-cologne.de\/tickets\/#breadcrumb"},"inLanguage":"en-US","potentialAction":[{"@type":"ReadAction","target":["https:\/\/icebar-cologne.de\/tickets\/"]}]},{"@type":"ImageObject","inLanguage":"en-US","@id":"https:\/\/icebar-cologne.de\/tickets\/#primaryimage","url":"https:\/\/icebar-cologne.de\/wp-content\/uploads\/2024\/09\/24-01_WeconKoeln-IcebarCologne_WEB_BeAStarProductions-006-1.jpg","contentUrl":"https:\/\/icebar-cologne.de\/wp-content\/uploads\/2024\/09\/24-01_WeconKoeln-IcebarCologne_WEB_BeAStarProductions-006-1.jpg","width":2048,"height":1368,"caption":"IceBar Cologne - der coolste Ort in K\u00f6ln"},{"@type":"BreadcrumbList","@id":"https:\/\/icebar-cologne.de\/tickets\/#breadcrumb","itemListElement":[{"@type":"ListItem","position":1,"name":"Startseite","item":"https:\/\/icebar-cologne.de\/"},{"@type":"ListItem","position":2,"name":"Tickets"}]},{"@type":"WebSite","@id":"https:\/\/icebar-cologne.de\/#website","url":"https:\/\/icebar-cologne.de\/","name":"IceBar Cologne","description":"Der coolste Ort in K\u00f6ln","publisher":{"@id":"https:\/\/icebar-cologne.de\/#organization"},"potentialAction":[{"@type":"SearchAction","target":{"@type":"EntryPoint","urlTemplate":"https:\/\/icebar-cologne.de\/?s={search_term_string}"},"query-input":{"@type":"PropertyValueSpecification","valueRequired":true,"valueName":"search_term_string"}}],"inLanguage":"en-US"},{"@type":"Organization","@id":"https:\/\/icebar-cologne.de\/#organization","name":"IceBar Cologne","url":"https:\/\/icebar-cologne.de\/","logo":{"@type":"ImageObject","inLanguage":"en-US","@id":"https:\/\/icebar-cologne.de\/#\/schema\/logo\/image\/","url":"https:\/\/icebar-cologne.de\/wp-content\/uploads\/2024\/10\/IceBar-Cologne-Logo.png","contentUrl":"https:\/\/icebar-cologne.de\/wp-content\/uploads\/2024\/10\/IceBar-Cologne-Logo.png","width":263,"height":73,"caption":"IceBar Cologne"},"image":{"@id":"https:\/\/icebar-cologne.de\/#\/schema\/logo\/image\/"},"sameAs":["https:\/\/www.facebook.com\/icebarcgn?_rdr","https:\/\/www.instagram.com\/icebar_cologne_official\/"]}]}},"_links":{"self":[{"href":"https:\/\/icebar-cologne.de\/en\/wp-json\/wp\/v2\/pages\/1967","targetHints":{"allow":["GET"]}}],"collection":[{"href":"https:\/\/icebar-cologne.de\/en\/wp-json\/wp\/v2\/pages"}],"about":[{"href":"https:\/\/icebar-cologne.de\/en\/wp-json\/wp\/v2\/types\/page"}],"author":[{"embeddable":true,"href":"https:\/\/icebar-cologne.de\/en\/wp-json\/wp\/v2\/users\/2"}],"replies":[{"embeddable":true,"href":"https:\/\/icebar-cologne.de\/en\/wp-json\/wp\/v2\/comments?post=1967"}],"version-history":[{"count":37,"href":"https:\/\/icebar-cologne.de\/en\/wp-json\/wp\/v2\/pages\/1967\/revisions"}],"predecessor-version":[{"id":4757,"href":"https:\/\/icebar-cologne.de\/en\/wp-json\/wp\/v2\/pages\/1967\/revisions\/4757"}],"wp:featuredmedia":[{"embeddable":true,"href":"https:\/\/icebar-cologne.de\/en\/wp-json\/wp\/v2\/media\/2150"}],"wp:attachment":[{"href":"https:\/\/icebar-cologne.de\/en\/wp-json\/wp\/v2\/media?parent=1967"}],"curies":[{"name":"wp","href":"https:\/\/api.w.org\/{rel}","templated":true}]}}